{"id":211,"date":"2024-08-16T21:12:51","date_gmt":"2024-08-16T19:12:51","guid":{"rendered":"https:\/\/www.computeq.de\/de\/?page_id=211"},"modified":"2025-11-15T20:29:49","modified_gmt":"2025-11-15T19:29:49","slug":"lms-player","status":"publish","type":"page","link":"https:\/\/www.computeq.de\/de\/produkte\/lms-player\/","title":{"rendered":"LMS Player &#8211; Amazon Echo als Player f\u00fcr den Lyrion Music Server"},"content":{"rendered":"\n<p>Hallo und sch\u00f6n Dich hier zu sehen.<\/p>\n\n\n\n<p>Ich vermute Du hast uns \u00fcber eine Internetsuche gefunden. Hier bist Du genau richtig um herauszufinden, wie man den Amazon Echo Lautsprecher als Player an einem Lyrion Music Server nutzen und damit seine eigene Musik auf einem Echo Lautsprecher abspielen kann.<\/p>\n\n\n\n<figure class=\"wp-block-image size-large\"><img loading=\"lazy\" decoding=\"async\" width=\"1024\" height=\"690\" src=\"https:\/\/www.computeq.de\/de\/wp-content\/uploads\/2025\/10\/LMS-Player-in-action_1187x800-1024x690.png\" alt=\"\" class=\"wp-image-472\" srcset=\"https:\/\/www.computeq.de\/de\/wp-content\/uploads\/2025\/10\/LMS-Player-in-action_1187x800-1024x690.png 1024w, https:\/\/www.computeq.de\/de\/wp-content\/uploads\/2025\/10\/LMS-Player-in-action_1187x800-300x202.png 300w, https:\/\/www.computeq.de\/de\/wp-content\/uploads\/2025\/10\/LMS-Player-in-action_1187x800-768x518.png 768w, https:\/\/www.computeq.de\/de\/wp-content\/uploads\/2025\/10\/LMS-Player-in-action_1187x800.png 1187w\" sizes=\"auto, (max-width: 1024px) 100vw, 1024px\" \/><\/figure>\n\n\n\n<p>&nbsp;<\/p>\n<h2>Voraussetzungen<\/h2>\n<div class=\"cd-faq__content cd-faq__content--visible\">\n<div class=\"text-component\">\n<p>Die einzigen Voraussetzungen sind<\/p>\n<ul>\n<li>Der Skill LMS Player ist auf Deinem Alexa Account aktiviert und mit einem Account verkn\u00fcpft<\/li>\n<li>Ein laufender Lyrion Music Server mit der Musik ist lokal installiert<\/li>\n<li>Die Konfiguration ist auf unserem Server unter&nbsp;<a href=\"https:\/\/lms-player.computeq.de\/\" target=\"_blank\" rel=\"noopener\">https:\/\/lms-player.computeq.de<\/a> eingerichtet und es wurde bei der Anmeldung zur Konfiguration das gleiche Konto verwendet mit dem auch bei der Skill Einrichtung die Kontoverkn\u00fcpfung durchgef\u00fchrt wurde.<\/li>\n<\/ul>\n<h2>Die einzelnen Schritte zur Einrichtung<\/h2>\n<p>Aktivieren und \u00d6ffnen des Alexa Skills \u201aLMS Player\u2018 \u00fcber die Alexa App (<a href=\"https:\/\/www.amazon.de\/dp\/B0FTYPYLDT\/\" target=\"_blank\" rel=\"noopener\">zum Skill im Alexa App Store<\/a>). Dabei ist es wichtig auch gleich den Schritt der Kontoverkn\u00fcpfung durchzuf\u00fchren. Dies ist wichtig, damit in der Folge auch die Konfiguration dem Zugriff durch den Skill zugeordnet werden kann.<\/p>\n<p>Das folgende Video zeigt den Ablauf &#8230;<\/p>\n<\/div>\n<\/div>\n\n\n\n<figure class=\"wp-block-video\"><video height=\"1342\" style=\"aspect-ratio: 1920 \/ 1342;\" width=\"1920\" controls src=\"https:\/\/www.computeq.de\/de\/wp-content\/uploads\/2025\/10\/Account_Linking_LMS-Player_DE.mp4\"><\/video><\/figure>\n\n\n\n<p>Als n\u00e4chstes erfolgt die Konfigurieren des Skills auf&nbsp;<a href=\"https:\/\/lms-player.computeq.de\/\" target=\"_blank\" rel=\"noreferrer noopener\">https:\/\/lms-player.computeq.de<\/a>&nbsp;. <\/p>\n\n\n\n<p>Das folgende Video zeigt kurz wie die Einrichtung durchgef\u00fchrt wird.&nbsp;<\/p>\n\n\n\n<figure class=\"wp-block-video\"><video height=\"720\" style=\"aspect-ratio: 1280 \/ 720;\" width=\"1280\" controls src=\"https:\/\/www.computeq.de\/de\/wp-content\/uploads\/2025\/10\/Anleitung_LMS_Player_DE.mp4\"><\/video><\/figure>\n\n\n\n<h2 class=\"wp-block-heading\">Verwenden des Skills<\/h2>\n\n\n\n<p>Nun reicht ein einfaches Aufrufen des Skills z.B. mit dem Sprachbefehl<\/p>\n\n\n\n<p class=\"has-text-align-center\"><strong>\u201aAlexa, \u00f6ffne LMS Player\u2018<\/strong><\/p>\n\n\n\n<p>und der Skill versucht sich als Player mit dem Musikserver zu verbinden und er sollte kurze Zeit sp\u00e4ter als Player in dem Webinterface erscheinen. Nun kann man \u00fcber eine passende App oder das Webinterface des Lyrion Music Servers die Musik \u00fcber Deinen Echo Lautsprecher abspielen. Leider reagiert der Echo Lautsprecher bauartbedingt deutlich verz\u00f6gert auf Eingaben am Server. Durch den einfachen Sprachbefehl<\/p>\n\n\n\n<p class=\"has-text-align-center\"><strong>\u201aAlexa, neustart\u2018<\/strong><\/p>\n\n\n\n<p>nach der erfolgten Eingabe am Server, reagiert der Echo Lautsprecher sofort auf die \u00c4nderung.<\/p>\n\n\n\n<p>Der Befehl<\/p>\n\n\n\n<p class=\"has-text-align-center\"><strong>\u201aAlexa, stop\u2018<\/strong><\/p>\n\n\n\n<p>beendet den Skill.<\/p>\n\n\n\n<h2 class=\"wp-block-heading\">\u00dcbersicht der m\u00f6glichen Sprachbefehle des Skills<\/h2>\n\n\n\n<p>Ein einfaches \u00d6ffnen des Skills startet den Playermodus:<\/p>\n\n\n\n<p class=\"has-text-align-center\"><strong>Alexa, \u00f6ffne LMS Player<\/strong><\/p>\n\n\n\n<p>Alternativ kann man auch eine Routine in der Alexa App anlegen. Damit ist es m\u00f6glich nahezu jeden Begriff oder Satz zum Start des Skills zu verwenden. Dazu einfach den gew\u00fcnschten Begriff zum Start in einer Routine mit dem \u00d6ffnen des Skills zu verbinden. <\/p>\n\n\n\n<p>Zus\u00e4tzlich gibt es im Skill noch die folgende vordefinierte Befehle zum Start des Skills bzw. der Wiedergabe:<\/p>\n\n\n\n<p class=\"has-text-align-center\"><strong>Alexa, sage LMS Player verbinde den Server<\/strong><\/p>\n\n\n\n<p class=\"has-text-align-center\"><strong>Alexa, sage LMS Player starte Player<\/strong><\/p>\n\n\n\n<p class=\"has-text-align-center\"><strong>Alexa, sage LMS Player starte den Player<\/strong><\/p>\n\n\n\n<p>Um den Skill neu mit dem Lyrion Music Server zu verbinden um \u00c4nderungen an z.B. der Musikwahl sofort wirksam werden zu lassen kann man folgende Befehle verwenden:<\/p>\n\n\n\n<p style=\"text-align: center;\"><strong>Alexa, n\u00e4chster Titel<\/strong>\u2028<\/p>\n<p style=\"text-align: center;\"><strong>Alexa, \u00f6ffne LMS Player<\/strong><\/p>\n\n\n\n<p>Alexa, Stop beendet den Skill:<\/p>\n\n\n\n<p class=\"has-text-align-center\"><strong>Alexa, Stop<\/strong><\/p>\n\n\n\n<h2 class=\"wp-block-heading\">Wissenswertes \u00fcber den Skill<\/h2>\n\n\n\n<h3 class=\"wp-block-heading\">Kompatibilit\u00e4t<\/h3>\n\n\n\n<p>Der Skill funktioniert aktuell nur auf den Echo Lautsprechern. Ger\u00e4te mit Alexa Sprachsteuerung wie z.B. Sonos Ger\u00e4te k\u00f6nnen den Skill nicht verwenden.<\/p>\n\n\n\n<h3 class=\"wp-block-heading\">Lautst\u00e4rke einstellen<\/h3>\n\n\n\n<p>Die Lautst\u00e4rke wird \u00fcber den Echo eingestellt. Daher einfach die Sprachbefehle<\/p>\n\n\n\n<p class=\"has-text-align-center\"><strong>Alexa, lauter<\/strong><\/p>\n\n\n\n<p>bzw.<\/p>\n\n\n\n<p class=\"has-text-align-center\"><strong>Alexa, leiser<\/strong><\/p>\n\n\n\n<p>verwenden.<\/p>\n\n\n\n<h3 class=\"wp-block-heading\">Lautsprecher gruppieren<\/h3>\n\n\n\n<p>Leider speichern die Echo Lautsprecher eine ganze Menge Musik zwischen bevor sie abgespielt wird, daher kann eine Gruppierung und gleichzeitiges Musik abspielen mit anderen Lyrion Music Server Playern nicht funktionieren. Aber ein Gruppieren und gemeinsames Abspielen von mehreren Echo Lautsprechern \u00fcber die Alexa App kann funktionieren.<\/p>\n","protected":false},"excerpt":{"rendered":"<p>Hallo und sch\u00f6n Dich hier zu sehen. Ich vermute Du hast uns \u00fcber eine Internetsuche gefunden. Hier bist Du genau richtig um herauszufinden, wie man den Amazon Echo Lautsprecher als Player an einem Lyrion Music Server nutzen und damit seine eigene Musik auf einem Echo Lautsprecher abspielen kann. &nbsp; Voraussetzungen Die einzigen Voraussetzungen sind Der<\/p><\/div>\n<div class=\"blog-btn\"><a href=\"https:\/\/www.computeq.de\/de\/produkte\/lms-player\/\" class=\"home-blog-btn\">Weiterlesen<\/a><\/p>\n","protected":false},"author":1,"featured_media":0,"parent":109,"menu_order":10,"comment_status":"closed","ping_status":"closed","template":"","meta":{"footnotes":""},"class_list":["post-211","page","type-page","status-publish","hentry"],"_links":{"self":[{"href":"https:\/\/www.computeq.de\/de\/wp-json\/wp\/v2\/pages\/211","targetHints":{"allow":["GET"]}}],"collection":[{"href":"https:\/\/www.computeq.de\/de\/wp-json\/wp\/v2\/pages"}],"about":[{"href":"https:\/\/www.computeq.de\/de\/wp-json\/wp\/v2\/types\/page"}],"author":[{"embeddable":true,"href":"https:\/\/www.computeq.de\/de\/wp-json\/wp\/v2\/users\/1"}],"replies":[{"embeddable":true,"href":"https:\/\/www.computeq.de\/de\/wp-json\/wp\/v2\/comments?post=211"}],"version-history":[{"count":16,"href":"https:\/\/www.computeq.de\/de\/wp-json\/wp\/v2\/pages\/211\/revisions"}],"predecessor-version":[{"id":566,"href":"https:\/\/www.computeq.de\/de\/wp-json\/wp\/v2\/pages\/211\/revisions\/566"}],"up":[{"embeddable":true,"href":"https:\/\/www.computeq.de\/de\/wp-json\/wp\/v2\/pages\/109"}],"wp:attachment":[{"href":"https:\/\/www.computeq.de\/de\/wp-json\/wp\/v2\/media?parent=211"}],"curies":[{"name":"wp","href":"https:\/\/api.w.org\/{rel}","templated":true}]}}