{"id":531,"date":"2025-10-31T21:43:26","date_gmt":"2025-10-31T20:43:26","guid":{"rendered":"https:\/\/www.computeq.de\/de\/?page_id=531"},"modified":"2025-11-22T10:24:57","modified_gmt":"2025-11-22T09:24:57","slug":"fritz2alexa","status":"publish","type":"page","link":"https:\/\/www.computeq.de\/de\/produkte\/fritz2alexa\/","title":{"rendered":"Fritz2Alexa &#8211; Fritz Smarthome Ger\u00e4te f\u00fcr Alexa"},"content":{"rendered":"\n<h2>Fritz2Alexa<\/h2>\n\n\n\n<p>Fritz2Alexa &#8211; dieser Skill verbindet Deine Fritzbox Smarthome Ger\u00e4te mit Alexa, so dass man die Ger\u00e4te vom Typ<\/p>\n\n\n\n<ul class=\"wp-block-list\">\n<li>Smarte Heizungsthermostate<\/li>\n\n\n\n<li>Smarte Gl\u00fchbirnen<\/li>\n\n\n\n<li>Smarte Steckdosen<\/li>\n\n\n\n<li>DECT Rolladensteuerungen<\/li>\n\n\n\n<li>Smarte Vorlagen und Szenen<\/li>\n<\/ul>\n\n\n\n<p>mit Alexa Sprachbefehlen bzw. mit der Alexa App steuern kann.<\/p>\n\n\n\n<p>So wie fr\u00fcher der inzwischen eingestellte Skill FB Smart Home (fbsmarthome) kann man mit Fritz2Alexa seine Smarthome Ger\u00e4te steuern. Die Einrichtung ist recht \u00e4hnlich und schnell erledigt. Weiter unten finden sie ein paar Videos, die die einzelnen Schritte der Einrichtung zeigen.<\/p>\n\n\n\n<h2>&nbsp;<\/h2>\n<h2>Fritz2Alexa spart bares Geld<\/h2>\n<p>Der Skill bietet eine kosteng\u00fcnstige Softwarealternative zu dem Fritz Smart Gateway, da die Anschaffungskosten des Ger\u00e4tes und die laufenden Stromkosten gespart werden k\u00f6nnen. Dazu eine kleine Rechnung \u00fcber 5 Jahre:<\/p>\n\n\n\n<ul class=\"wp-block-list\">\n<li>Das FritzSmartGateway verbraucht ca. 3W was je nach Strompreis Jahreskosten von 8-9\u20ac (3W erzeugt im Jahr mit 8760h = 3W * 8760 h = 26,28 kWh, bei 33ct je kWh macht das 8,67\u20ac \/ Jahr). Dies macht in Summe bei 5 Jahren 43,35\u20ac<\/li>\n\n\n\n<li>Das FritzSmartGateway kostet aktuell mindestens 80\u20ac<\/li>\n\n\n\n<li>Die macht in Summe f\u00fcr die Laufzeit von 5 Jahren Kosten von 123,35\u20ac <\/li>\n<\/ul>\n\n\n\n<p>Im Vergleich belaufen sich die Kosten unserer L\u00f6sung bei 5 Jahren auf 5 * 15\u20ac, also 75\u20ac . Daher ist unser Angebot mit 15\u20ac pro Jahr eine deutlich g\u00fcnstigere Alternative mit der man g\u00fcnstig f\u00e4hrt bis man sowieso irgendwann seine Fritzbox erneuern muss und dann bei der neuen Fritzbox die integrierte Matterfunktion zur Anbindung an Alexa nutzen kann.<\/p>\n\n\n\n<h2>&nbsp;<\/h2>\n<h2>Vorbereiten der Fritzbox<\/h2>\n\n\n\n<p>Der Skill ben\u00f6tigt eine kleine Konfiguration auf der Fritzbox &#8211;  hier ein Video zur Vorbereitung der Fritzbox:<\/p>\n\n\n\n<figure class=\"wp-block-video\"><video height=\"1356\" style=\"aspect-ratio: 2188 \/ 1356;\" width=\"2188\" controls src=\"https:\/\/www.computeq.de\/de\/wp-content\/uploads\/2025\/10\/Fritzbox_Einrichtung.mov\"><\/video><\/figure>\n\n\n\n<h2>&nbsp;<\/h2>\n<h2>Konfigurieren auf fritz2alexa.computeq.de<\/h2>\n\n\n\n<p>Und ein weiteres Video zur Einrichtung auf <a href=\"https:\/\/fritz2alexa.computeq.de\" target=\"_blank\" rel=\"noreferrer noopener\">https:\/\/fritz2alexa.computeq.de<\/a> .<\/p>\n\n\n\n<figure class=\"wp-block-video\"><video height=\"1356\" style=\"aspect-ratio: 2188 \/ 1356;\" width=\"2188\" controls src=\"https:\/\/www.computeq.de\/de\/wp-content\/uploads\/2025\/10\/Fritz2Alexa_Einrichtung.mov\"><\/video><\/figure>\n\n\n\n<h2>\u00a0<\/h2>\n<h2>Installieren des Skills<\/h2>\n\n\n\n<p>Und zum Schluss noch die Aktivierung des Skills in der Alexa App inkl. der Account Linking Prozedur. Dazu einfach in der Alexa App unter &#8218;Skills und Spiele&#8216; nach Fritz2Alexa suchen (<a href=\"https:\/\/www.amazon.de\/dp\/B0G2MKRBD9\/\">Link zum Skill &#8230;<\/a>). Hier ein Video zur Skill Aktivierung inkl. der Suche nach den Ger\u00e4ten.<\/p>\n\n\n\n<figure class=\"wp-block-video\"><video height=\"1342\" style=\"aspect-ratio: 1920 \/ 1342;\" width=\"1920\" controls src=\"https:\/\/www.computeq.de\/de\/wp-content\/uploads\/2025\/11\/f2a_skill_setup.mp4\"><\/video><\/figure>\n\n\n\n<p class=\"has-text-align-left\">Nach der Suche nach neuen Smarthomeger\u00e4ten k\u00f6nnen die an die Fritzbox angeschlossenen Ger\u00e4te mit Alexa gesteuert werden.<\/p>\n","protected":false},"excerpt":{"rendered":"<p>Fritz2Alexa Fritz2Alexa &#8211; dieser Skill verbindet Deine Fritzbox Smarthome Ger\u00e4te mit Alexa, so dass man die Ger\u00e4te vom Typ mit Alexa Sprachbefehlen bzw. mit der Alexa App steuern kann. So wie fr\u00fcher der inzwischen eingestellte Skill FB Smart Home (fbsmarthome) kann man mit Fritz2Alexa seine Smarthome Ger\u00e4te steuern. Die Einrichtung ist recht \u00e4hnlich und schnell<\/p><\/div>\n<div class=\"blog-btn\"><a href=\"https:\/\/www.computeq.de\/de\/produkte\/fritz2alexa\/\" class=\"home-blog-btn\">Weiterlesen<\/a><\/p>\n","protected":false},"author":1,"featured_media":0,"parent":109,"menu_order":20,"comment_status":"closed","ping_status":"closed","template":"","meta":{"footnotes":""},"class_list":["post-531","page","type-page","status-publish","hentry"],"_links":{"self":[{"href":"https:\/\/www.computeq.de\/de\/wp-json\/wp\/v2\/pages\/531","targetHints":{"allow":["GET"]}}],"collection":[{"href":"https:\/\/www.computeq.de\/de\/wp-json\/wp\/v2\/pages"}],"about":[{"href":"https:\/\/www.computeq.de\/de\/wp-json\/wp\/v2\/types\/page"}],"author":[{"embeddable":true,"href":"https:\/\/www.computeq.de\/de\/wp-json\/wp\/v2\/users\/1"}],"replies":[{"embeddable":true,"href":"https:\/\/www.computeq.de\/de\/wp-json\/wp\/v2\/comments?post=531"}],"version-history":[{"count":16,"href":"https:\/\/www.computeq.de\/de\/wp-json\/wp\/v2\/pages\/531\/revisions"}],"predecessor-version":[{"id":575,"href":"https:\/\/www.computeq.de\/de\/wp-json\/wp\/v2\/pages\/531\/revisions\/575"}],"up":[{"embeddable":true,"href":"https:\/\/www.computeq.de\/de\/wp-json\/wp\/v2\/pages\/109"}],"wp:attachment":[{"href":"https:\/\/www.computeq.de\/de\/wp-json\/wp\/v2\/media?parent=531"}],"curies":[{"name":"wp","href":"https:\/\/api.w.org\/{rel}","templated":true}]}}