{"id":589,"date":"2025-12-07T12:12:14","date_gmt":"2025-12-07T11:12:14","guid":{"rendered":"https:\/\/www.computeq.de\/de\/?page_id=589"},"modified":"2025-12-21T14:02:54","modified_gmt":"2025-12-21T13:02:54","slug":"protezione-dei-dati","status":"publish","type":"page","link":"https:\/\/www.computeq.de\/de\/italiano\/protezione-dei-dati\/","title":{"rendered":"Protezione dei dati"},"content":{"rendered":"<div>\n<h2>INFORMAZIONI LEGALI E CONTATTI<\/h2>\n<h3>1. Titolare e Riferimenti<\/h3>\n<div>Nome della Societ\u00e0: ComputeQ Keutgen<\/div>\n<div>Rappresentante Legale: Dr. Ingo Keutgen<\/div>\n<div>Indirizzo: Kirchweiler Str. 11, 54570 Pelm, Germania<\/div>\n<h3>2. Contatti<\/h3>\n<div>Telefono: +49 160 91985550<\/div>\n<div>E-mail: ingo.keutgen@computeq.co<\/div>\n<h3>3. Amministrazione e Rappresentanza<\/h3>\n<div>Amministratore Unico: ComputeQ Keutgen \u00e8 rappresentata dal Dr. Ingo Keutgen.<\/div>\n<h2>INFORMATIVA PRIVACY<\/h2>\n<div>Roomskills si impegna a proteggere la privacy dei suoi visitatori. La presente Informativa Privacy descrive come Roomskills, accessibile tramite il sito web roomskills.com, raccoglie, registra, utilizza e protegge i dati personali in conformit\u00e0 con il Regolamento (UE) 2016\/679 (GDPR).<\/div>\n<h3>1. TITOLARE DEL TRATTAMENTO<\/h3>\n<div>Il Titolare del trattamento dei dati personali \u00e8 Roomskills.<\/div>\n<div>Per qualsiasi domanda o per richiedere maggiori informazioni sulla presente Informativa Privacy, \u00e8 possibile contattarci:<\/div>\n<div>Via e-mail: dataprotection@computeq.co<\/div>\n<h3>2. BASE GIURIDICA DEL TRATTAMENTO<\/h3>\n<div>La liceit\u00e0 del trattamento dei dati personali da parte di Roomskills si fonda sulle seguenti basi giuridiche, a seconda del contesto specifico della raccolta:<\/div>\n<div>&#8211; Esecuzione di un Contratto: il trattamento \u00e8 necessario all&#8217;esecuzione di un contratto di cui lei \u00e8 parte o all&#8217;esecuzione di misure precontrattuali adottate su Sua richiesta.<\/div>\n<div>&#8211; Consenso: lei ha espresso il suo consenso libero, specifico, informato e inequivocabile al trattamento per una o pi\u00f9 specifiche finalit\u00e0.<\/div>\n<div>&#8211; Interesse Legittimo: il trattamento \u00e8 necessario per il perseguimento del legittimo interesse di Roomskills o di terzi, a condizione che non prevalgano i suoi interessi o i suoi diritti e libert\u00e0 fondamentali.<\/div>\n<div>&#8211; Obbligo Legale: il trattamento \u00e8 necessario per adempiere a un obbligo legale al quale Roomskills \u00e8 soggetta.<\/div>\n<h3>3. DIRITTI DELL&#8217;INTERESSATO (ai sensi del GDPR)<\/h3>\n<div>Se lei \u00e8 un residente dell&#8217;Unione Europea (UE), ha i seguenti diritti in materia di protezione dei dati, esercitabili contattandoci all&#8217;indirizzo dataprotection@computeq.co:<\/div>\n<div>&#8211; Diritto di Accesso: ottenere la conferma che sia o meno in corso un trattamento di dati personali che la riguardano e, in tal caso, accedere ai dati e alle informazioni relative al trattamento.<\/div>\n<div>&#8211; Diritto di Rettifica: ottenere la rettifica dei dati personali inesatti che la riguardano e\/o l&#8217;integrazione dei dati incompleti.<\/div>\n<div>&#8211; Diritto alla Cancellazione: ottenere la cancellazione dei dati personali che la riguardano senza ingiustificato ritardo (diritto all&#8217;oblio).<\/div>\n<div>&#8211; Diritto di Opposizione: opporsi in qualsiasi momento al trattamento dei dati personali basato sull&#8217;interesse legittimo o per finalit\u00e0 di marketing diretto.<\/div>\n<div>&#8211; Diritto alla Limitazione: ottenere la limitazione del trattamento (es. in caso di contestazione dell&#8217;esattezza dei dati).<\/div>\n<div>&#8211; Diritto alla Portabilit\u00e0: ricevere i dati personali che la riguardano in un formato strutturato, di uso comune e leggibile da dispositivo automatico, e trasmetterli a un altro titolare del trattamento.<\/div>\n<div>&#8211; Diritto di Revoca del Consenso: revocare in qualsiasi momento il consenso eventualmente prestato.<\/div>\n<div>Diritto di Reclamo: lei ha inoltre il diritto di proporre reclamo a un&#8217;Autorit\u00e0 di Controllo (es. il Garante per la Protezione dei Dati Personali in Italia).<\/div>\n<h3>4. PERIODO DI CONSERVAZIONE DEI DATI<\/h3>\n<div>Roomskills conserver\u00e0 i Suoi dati personali solo per il tempo strettamente necessario al raggiungimento delle finalit\u00e0 indicate nella presente Informativa Privacy, e in conformit\u00e0 con gli obblighi legali applicabili.<\/div>\n<h3>5. DATI RACCOLTI E MODALIT\u00c0 DI UTILIZZO<\/h3>\n<h4>A. File di Log<\/h4>\n<div>I dati raccolti includono: indirizzi IP, tipo di browser, ISP, data e ora di accesso, pagine di riferimento\/uscita. Tali informazioni non sono collegate a dati personali identificabili.<\/div>\n<div>Finalit\u00e0: analisi delle tendenze, amministrazione del sito e tracciamento dei movimenti degli utenti.<\/div>\n<h4>B. Cookie e Web Beacon<\/h4>\n<div>Il nostro sito web utilizza i &#8222;cookie&#8220; per memorizzare informazioni sulle preferenze dei visitatori.<\/div>\n<div>Finalit\u00e0: ottimizzare l&#8217;esperienza dell&#8217;utente, personalizzando il contenuto della pagina web.<\/div>\n<div>Cookie DoubleClick DART (Google): Google utilizza i cookie DART per mostrare annunci. \u00c8 possibile rifiutare l&#8217;uso dei cookie DART visitando l&#8217;informativa privacy della Rete Display di Google: https:\/\/policies.google.com\/technologies\/ads<\/div>\n<h4>C. Cookie e Tecnologie di Terze Parti (Inserzionisti)<\/h4>\n<div>Gli inserzionisti terzi sul nostro sito possono utilizzare tecnologie come cookie e Web Beacon per misurare l&#8217;efficacia delle loro campagne e\/o per personalizzare i contenuti pubblicitari che vede. Ricevono automaticamente il Suo indirizzo IP.<\/div>\n<div>Avviso Importante: Roomskills non ha accesso n\u00e9 controllo sui cookie utilizzati dagli inserzionisti terzi. La preghiamo di consultare le loro Informative Privacy specifiche.<\/div>\n<div>Google: https:\/\/policies.google.com\/technologies\/ads<\/div>\n<h4>D. Gestione dei Cookie<\/h4>\n<div>L&#8217;Informativa Privacy di Roomskills non si applica ad altri siti web esterni. Lei pu\u00f2 disabilitare i cookie modificando le impostazioni del Suo browser.<\/div>\n<h3>6. INFORMAZIONI SUI MINORI<\/h3>\n<div>Roomskills non raccoglie consapevolmente informazioni personali identificabili da minori di 13 anni. Se lei ritiene che Suo figlio abbia fornito tali dati, la preghiamo di contattarci immediatamente per la rimozione.<\/div>\n<h3>7. AMBITO DI APPLICAZIONE DELL&#8217;INFORMATIVA<\/h3>\n<div>La presente Informativa Privacy si applica esclusivamente alle attivit\u00e0 online del sito Roomskills. Non \u00e8 applicabile a informazioni raccolte offline o tramite canali diversi da questo sito web.<\/div>\n<h3>8. CONSENSO<\/h3>\n<div>Utilizzando il nostro sito web, lei acconsente alla nostra Informativa Privacy e accetta i Termini e Condizioni ad essa correlati.<\/div>\n<\/div>\n","protected":false},"excerpt":{"rendered":"<p>INFORMAZIONI LEGALI E CONTATTI 1. Titolare e Riferimenti Nome della Societ\u00e0: ComputeQ Keutgen Rappresentante Legale: Dr. Ingo Keutgen Indirizzo: Kirchweiler Str. 11, 54570 Pelm, Germania 2. Contatti Telefono: +49 160 91985550 E-mail: ingo.keutgen@computeq.co 3. Amministrazione e Rappresentanza Amministratore Unico: ComputeQ Keutgen \u00e8 rappresentata dal Dr. Ingo Keutgen. INFORMATIVA PRIVACY Roomskills si impegna a proteggere la<\/p><\/div>\n<div class=\"blog-btn\"><a href=\"https:\/\/www.computeq.de\/de\/italiano\/protezione-dei-dati\/\" class=\"home-blog-btn\">Weiterlesen<\/a><\/p>\n","protected":false},"author":1,"featured_media":0,"parent":600,"menu_order":91,"comment_status":"closed","ping_status":"closed","template":"","meta":{"footnotes":""},"class_list":["post-589","page","type-page","status-publish","hentry"],"_links":{"self":[{"href":"https:\/\/www.computeq.de\/de\/wp-json\/wp\/v2\/pages\/589","targetHints":{"allow":["GET"]}}],"collection":[{"href":"https:\/\/www.computeq.de\/de\/wp-json\/wp\/v2\/pages"}],"about":[{"href":"https:\/\/www.computeq.de\/de\/wp-json\/wp\/v2\/types\/page"}],"author":[{"embeddable":true,"href":"https:\/\/www.computeq.de\/de\/wp-json\/wp\/v2\/users\/1"}],"replies":[{"embeddable":true,"href":"https:\/\/www.computeq.de\/de\/wp-json\/wp\/v2\/comments?post=589"}],"version-history":[{"count":3,"href":"https:\/\/www.computeq.de\/de\/wp-json\/wp\/v2\/pages\/589\/revisions"}],"predecessor-version":[{"id":608,"href":"https:\/\/www.computeq.de\/de\/wp-json\/wp\/v2\/pages\/589\/revisions\/608"}],"up":[{"embeddable":true,"href":"https:\/\/www.computeq.de\/de\/wp-json\/wp\/v2\/pages\/600"}],"wp:attachment":[{"href":"https:\/\/www.computeq.de\/de\/wp-json\/wp\/v2\/media?parent=589"}],"curies":[{"name":"wp","href":"https:\/\/api.w.org\/{rel}","templated":true}]}}