{"id":72,"date":"2024-08-15T23:05:31","date_gmt":"2024-08-15T21:05:31","guid":{"rendered":"https:\/\/www.computeq.de\/de\/?page_id=72"},"modified":"2025-10-04T13:05:08","modified_gmt":"2025-10-04T11:05:08","slug":"nutzungsbedingungen","status":"publish","type":"page","link":"https:\/\/www.computeq.de\/de\/rechtliches\/nutzungsbedingungen\/","title":{"rendered":"Nutzungsbedingungen"},"content":{"rendered":"\n<p>You can finde this page also in English <a href=\"https:\/\/www.computeq.de\/en\/rechtliches\/nutzungsbedingungen\/\">here<\/a>.<\/p>\n<p>\u00a0<\/p>\n\n\n\n<h1 class=\"wp-block-heading\" id=\"nutzungsbedingungendesroomskillsserviceundderdazugeh\u00f6rigenalexaskills\">Nutzungsbedingungen von computeq.co und der dazugeh\u00f6rigen Alexa Skills<\/h1>\n\n\n\n<h2 class=\"wp-block-heading\" id=\"begleitinformationen\">Begleitinformationen<\/h2>\n\n\n\n<p>Bitte lesen sie sich diese Nutzungsbedingungen aufmerksam durch, bevor ihr den Service verwendet. Mit der Benutzung des ComputeQ Service erkl\u00e4ren sie sich mit den hier beschriebenen Nutzungsbedingungen einverstanden.<\/p>\n\n\n\n<h2 class=\"wp-block-heading\" id=\"anbieter\">Anbieter<\/h2>\n\n\n\n<p>Der Anbieter der ComputeQ Service ist die Computeq Keutgen, Kirchweiler Str. 11, 54570 Pelm.<\/p>\n\n\n\n<h2 class=\"wp-block-heading\" id=\"anwendungsbereich\">Anwendungsbereich<\/h2>\n\n\n\n<p>Diese Nutzungsbedingungen regeln die Nutzung des ComputeQ Online Services (erreichbar unter https:\/\/www.computeq.co), sowie der dazugeh\u00f6rigen \u00fcber den Online-Dienst &#8222;Alexa&#8220; der Amazon Europe Core S.\u00e0.r.l. (Soci\u00e9t\u00e9 \u00e0 responsabilit\u00e9 limit\u00e9e), 5 Rue Plaetis, L-2338 Luxemburg bereitgestellten Funktionen und Services.<\/p>\n\n\n\n<h2 class=\"wp-block-heading\" id=\"nutzung\">Nutzung<\/h2>\n\n\n\n<p>Der ComputeQ Service ist ein Service der Computeq Keutgen. Jeder kann die services und die Skills nutzen \u2013 vorbehaltlich einer Anpassung oder Einstellung des Skill-Angebots durch die Computeq Keutgen. Die Computeq Keutgen \u00fcbernimmt keine Gew\u00e4hr dahingehend, dass die Inhalte f\u00fcr die Nutzung an Orten au\u00dferhalb der L\u00e4nder m\u00f6glich ist, die im Rahmen der Anmeldung ausw\u00e4hlbar sind.<\/p>\n\n\n\n<p>Die Nutzung der Inhalte ist ausschlie\u00dflich auf Grundlage dieser Nutzungsbedingungen gestattet. Durch eine Aktivierung des Alexa Skills best\u00e4tigt der Nutzer, die Geltung dieser Nutzungsbedingungen in ihrer jeweiligen Fassung zu akzeptieren.<\/p>\n\n\n\n<p>Die Aktivierung des Services erfolgt durch Registrierung im Online Service unter https:\/\/www.computeq.co. Die Aktivierung des Skills erfolgt durch Antippen des \u201eAktivieren\u201c-Buttons im Amazon Alexa Skill Store.<\/p>\n\n\n\n<p>Der ComputeQ Service ist urheberrechtlich gesch\u00fctzt. Er darf ausschlie\u00dflich zu privaten, nicht kommerziellen, Zwecken genutzt werden.<\/p>\n\n\n\n<p>Die Computeq Keutgen beh\u00e4lt sich das Recht vor, Nutzer von der Nutzung auszuschliessen, sofern der Service von den jeweiligen Nutzern nicht in der vorgesehen Art genutzt wird.<\/p>\n\n\n\n<h2 class=\"wp-block-heading\" id=\"gew\u00e4hrleistungundhaftungsbeschr\u00e4nkung\">Gew\u00e4hrleistung und Haftungsbeschr\u00e4nkung<\/h2>\n\n\n\n<p>F\u00fcr den Zugang zu und die Erreichbarkeit von Alexa ist ausschlie\u00dflich die Amazon Media EU S.\u00e0.r.l. verantwortlich; der Nutzer hat keinen Anspruch gegen\u00fcber der Computeq Keutgen auf Verschaffung des Zugangs zu und\/oder die Erreichbarkeit von Alexa. Es gelten die entsprechenden Bedingungen der Amazon Media EU S.\u00e0.r.l.<\/p>\n\n\n\n<p>F\u00fcr die Funktion der angebundenen Ger\u00e4te und die Erreichbarkeit deren API sind ausschlie\u00dflich die Hersteller der Ger\u00e4te verantwortlich. Der Nutzer hat keinen Anspruch gegen\u00fcber der Computeq Keutgen auf die Sicherstellung dieser Funktionalit\u00e4t. Wir versuchen aber auf unserer Seite unseren Service soweit m\u00f6glich aktuell und verf\u00fcgbar zu halten.<\/p>\n\n\n\n<p>Der Nutzer darf die Inhalte nicht in Widerspruch zu diesen Nutzungsbedingungen nutzen. Zudem wird der Nutzer die Inhalte nicht rechtsmissbr\u00e4uchlich nutzen und geltende Gesetze sowie Rechte Dritter wahren.<\/p>\n\n\n\n<p>Die Computeq Keutgen haftet unbeschr\u00e4nkt f\u00fcr eigene oder durch ihre gesetzlichen Vertreter oder Erf\u00fcllungsgehilfen schuldhaft verursachte Sch\u00e4den. Sonstige Haftungsanspr\u00fcche gegen die Computeq Keutgen, welche sich auf die Nutzung oder Nichtnutzung des dargebotenen Skills oder Services beziehen, sind grunds\u00e4tzlich ausgeschlossen. Alle Inhalte unserer Skills werden vor einer Ver\u00f6ffentlichung und in regelm\u00e4\u00dfigen Abst\u00e4nden sorgf\u00e4ltig gepr\u00fcft und aktualisiert.<\/p>\n\n\n\n<p>F\u00fcr m\u00f6gliche unmittelbare und mittelbare Sch\u00e4den, die mit der Nutzung unserer Skills entstehen, \u00fcbernimmt die Computeq Keutgen keine Haftung. Falls die Nutzung zu Sch\u00e4den an den eigenen Ger\u00e4ten oder Daten f\u00fchrt, werden keine Ersatzleistungen erbracht.<\/p>\n\n\n\n<h2 class=\"wp-block-heading\" id=\"\u00c4nderungen\">\u00c4nderungen<\/h2>\n\n\n\n<p>Die Computeq Keutgen kann die Nutzungsbedingungen jederzeit \u00e4ndern. Durch eine Verwendung des ComputeQ Service und die dazugeh\u00f6rigen Skills stimmen die Nutzer diesen \u00c4nderungen zu. F\u00fcr Rechtsstreitigkeiten aufgrund oder im Zusammenhang mit diesen Nutzungsbedingungen oder der Nutzung der Inhalte gilt deutsches Recht unter Ausschluss des UN-Kaufrechts (CISG).<\/p>\n","protected":false},"excerpt":{"rendered":"<p>You can finde this page also in English here. \u00a0 Nutzungsbedingungen von computeq.co und der dazugeh\u00f6rigen Alexa Skills Begleitinformationen Bitte lesen sie sich diese Nutzungsbedingungen aufmerksam durch, bevor ihr den Service verwendet. Mit der Benutzung des ComputeQ Service erkl\u00e4ren sie sich mit den hier beschriebenen Nutzungsbedingungen einverstanden. Anbieter Der Anbieter der ComputeQ Service ist die<\/p><\/div>\n<div class=\"blog-btn\"><a href=\"https:\/\/www.computeq.de\/de\/rechtliches\/nutzungsbedingungen\/\" class=\"home-blog-btn\">Weiterlesen<\/a><\/p>\n","protected":false},"author":1,"featured_media":0,"parent":70,"menu_order":10,"comment_status":"closed","ping_status":"closed","template":"","meta":{"footnotes":""},"class_list":["post-72","page","type-page","status-publish","hentry"],"_links":{"self":[{"href":"https:\/\/www.computeq.de\/de\/wp-json\/wp\/v2\/pages\/72","targetHints":{"allow":["GET"]}}],"collection":[{"href":"https:\/\/www.computeq.de\/de\/wp-json\/wp\/v2\/pages"}],"about":[{"href":"https:\/\/www.computeq.de\/de\/wp-json\/wp\/v2\/types\/page"}],"author":[{"embeddable":true,"href":"https:\/\/www.computeq.de\/de\/wp-json\/wp\/v2\/users\/1"}],"replies":[{"embeddable":true,"href":"https:\/\/www.computeq.de\/de\/wp-json\/wp\/v2\/comments?post=72"}],"version-history":[{"count":6,"href":"https:\/\/www.computeq.de\/de\/wp-json\/wp\/v2\/pages\/72\/revisions"}],"predecessor-version":[{"id":468,"href":"https:\/\/www.computeq.de\/de\/wp-json\/wp\/v2\/pages\/72\/revisions\/468"}],"up":[{"embeddable":true,"href":"https:\/\/www.computeq.de\/de\/wp-json\/wp\/v2\/pages\/70"}],"wp:attachment":[{"href":"https:\/\/www.computeq.de\/de\/wp-json\/wp\/v2\/media?parent=72"}],"curies":[{"name":"wp","href":"https:\/\/api.w.org\/{rel}","templated":true}]}}